{"id":257,"date":"2017-01-30T16:06:09","date_gmt":"2017-01-30T15:06:09","guid":{"rendered":"https:\/\/hitech-srl.it\/?page_id=257"},"modified":"2017-03-29T19:18:16","modified_gmt":"2017-03-29T17:18:16","slug":"arredamento-industriale-2","status":"publish","type":"page","link":"https:\/\/hitech-srl.it\/?page_id=257&lang=it","title":{"rendered":"Arredamento industriale"},"content":{"rendered":"<p>[vc_row bg_type=&#8221;image&#8221; parallax_style=&#8221;vcpb-default&#8221; bg_image_new=&#8221;id^368|url^https:\/\/hitech-srl.it\/wp-content\/uploads\/2017\/01\/header_arredamenti.jpg|caption^null|alt^null|title^header_arredamenti|description^null&#8221; seperator_enable=&#8221;seperator_enable_value&#8221; seperator_type=&#8221;tilt_left_seperator&#8221; seperator_position=&#8221;bottom_seperator&#8221; seperator_shape_background=&#8221;#f5f5f5&#8243;][vc_column css_animation=&#8221;top-to-bottom&#8221;][vc_empty_space height=&#8221;350px&#8221;][\/vc_column][\/vc_row][vc_row bg_type=&#8221;bg_color&#8221; bg_color_value=&#8221;#f5f5f5&#8243;][vc_column][vc_empty_space height=&#8221;60px&#8221;][vc_column_text]<\/p>\n<h2 style=\"text-align: center;\">Arredamento industriale<\/h2>\n<p style=\"text-align: center;\">Anche l\u2019organizzazione e la logistica hanno un ruolo fondamentale, rendendo il lavoro pi\u00f9 confortevole e pratico. La <strong>HI TECH<\/strong> \u00e8 in grado di proporre varie soluzioni, dallo stoccaggio alla movimentazione del materiale, fino ai complementi d\u2019arredo, selezionando tra le migliori marche quei prodotti che si distinguono per affidabilit\u00e0, qualit\u00e0 e praticit\u00e0, come: Magazzini verticali automatici, Banchi e postazioni da lavoro, Scaffali a cassetti, Sistemi di scaffalatura, Armadi per materiali, Cassettiere, Carrelli, Sistemi per il trasporto e la custodia del materiale, Cassette e Contenitori, Materiale di suddivisione ed etichettatura, Armadi per spogliatoi, Panchine e molto altro.<br \/>\nQualora abbiate particolari necessit\u00e0, non esitate a contattarci e troveremo la soluzione che Vi possa soddisfare.<\/p>\n<p>[\/vc_column_text][vc_separator color=&#8221;custom&#8221; accent_color=&#8221;#f5f5f5&#8243;][vc_row_inner][vc_column_inner width=&#8221;1\/3&#8243;][vc_single_image image=&#8221;181&#8243; img_size=&#8221;280&#215;227&#8243; alignment=&#8221;center&#8221;][vc_column_text css=&#8221;.vc_custom_1485788694067{margin-top: -25px !important;margin-bottom: 5px !important;}&#8221;]<\/p>\n<h4 style=\"text-align: center;\">FAMI<\/h4>\n<p>[\/vc_column_text]\n\t\t\t<div class=\"ult_dual_button  ult-adjust-bottom-margin to-center  \"  data-response=\"on\" id=\"ult_btn_1806948182\">\n\n\t\t\t<div id=\"dualbtn-7471\" class=\"ulitmate_dual_buttons ult-dual-btn3 ult_main_dualbtn \" data-bcolor=\"#333333\"data-bhcolor=\"\">\n\n\t\t\t<div class=\"ult_dualbutton-wrapper btn-inline place-template bt1 \"><a href = \"http:\/\/www.famispa.com\" target='_blank'class=\"ult_ivan_button   round-square  with-icon icon-before with-text place-template ult_dual1\" style=\";margin-right:px;;background-color:#bdbdbd !important;; border-color:#333333;border-style:;border-width:0px;border-radius:px;width:130px;;\">\n\t\t\t<span class=\"ult-dual-btn-1 Style 2\" style=\"\"  data-bgcolor=\"#bdbdbd\" data-bghovercolor=\"#ae1f36\" data-icon_color=\"#333333\" data-icon_hover_color=\"#333333\" data-textcolor=\"#ffffff\" data-texthovercolor=\"#ffffff\" data-iconbgcolor=\"transperent\" data-iconbghovercolor=\"transperent\" data-iconborder=\"transperent\" data-iconhoverborder=\"transperent\" >\n\t\t\t<span class=\"icon-simple icon-left1 ult_btn1span ult-dual-btn-no-icon\"  style=\";padding-left:0px; \"><\/span>\n\t\t\t<span class=\"text-btn ult-dual-button-title ult-responsive\"  data-ultimate-target='#dualbtn-7471 .ult-dual-button-title'  data-responsive-json-new='{\"font-size\":\"desktop:15px;\",\"line-height\":\"desktop:15px;\"}'  style=\"font-family:Oswald;font-weight:300;color:#ffffff;\">Sito<\/span>\n\n\t\t\t<\/span>\n\t\t\t<\/a><span class=\"middle-text\" style=\"line-height: 1.8em;color:#ffffff;background-color:#ae1f36;border-width:0px;\">\n\t\t\t<span class=\"middle-inner\"  ><i class=\"Defaults-arrows-h\"><\/i><\/span>\n\t\t\t<\/span>\n\n\t\t\t<\/div>\n\n\t\t\t<div class=\"ult_dualbutton-wrapper btn-inline place-template btn2 \"><a href = \"http:\/\/www.famispa.com\/pg.asp?cd=1082&lk=710\" target='_blank' class=\"ult_ivan_button   round-square  with-icon icon-after with-text place-template ult_dual2\"  style=\";background-color:#969696 !important;;margin-left:px;;border-color:#333333;border-style:;border-width:0px;border-radius:px;width:130px;\">\n\t\t\t<span class=\"ult-dual-btn-2 Style 2\"  data-bgcolor=\"#969696\" data-bghovercolor=\"#ae1f36\" data-icon_color=\"#333333\" data-icon_hover_color=\"#333333\" data-textcolor=\"#ffffff\" data-texthovercolor=\"#ffffff\" data-iconbgcolor=\"transperent\" data-iconbghovercolor=\"transperent\" data-iconborder=\"transperent\" data-iconhoverborder=\"transperent\" >\n\t\t\t<span class=\"text-btn ult-dual-button-title\" style=\"font-family:Oswald;font-weight:300;color:#ffffff;\">Catalogo<\/span>\n\n\t\t\t<span class=\"icon-simple icon-right2 ult_btn1span ult-dual-btn-no-icon\"  style=\";padding-left:0px; \"><\/span>\n\t\t\t<\/span>\n\t\t\t<\/a><\/div>\n\t\t\t<\/div>\n\t\t\t<\/div>[\/vc_column_inner][\/vc_row_inner][vc_empty_space height=&#8221;60px&#8221;][vc_btn title=&#8221;Back&#8221; i_icon_fontawesome=&#8221;fa fa-caret-left&#8221; add_icon=&#8221;true&#8221; link=&#8221;url:%2Fprodotti%2F|||&#8221;][vc_empty_space height=&#8221;60px&#8221;][\/vc_column][\/vc_row]<\/p>\n","protected":false},"excerpt":{"rendered":"<p>[vc_row bg_type=&#8221;image&#8221; parallax_style=&#8221;vcpb-default&#8221; bg_image_new=&#8221;id^368|url^https:\/\/hitech-srl.it\/wp-content\/uploads\/2017\/01\/header_arredamenti.jpg|caption^null|alt^null|title^header_arredamenti|description^null&#8221; seperator_enable=&#8221;seperator_enable_value&#8221; seperator_type=&#8221;tilt_left_seperator&#8221; seperator_position=&#8221;bottom_seperator&#8221; seperator_shape_background=&#8221;#f5f5f5&#8243;][vc_column css_animation=&#8221;top-to-bottom&#8221;][vc_empty_space height=&#8221;350px&#8221;][\/vc_column][\/vc_row][vc_row bg_type=&#8221;bg_color&#8221; bg_color_value=&#8221;#f5f5f5&#8243;][vc_column][vc_empty_space height=&#8221;60px&#8221;][vc_column_text] Arredamento industriale Anche l\u2019organizzazione e la logistica hanno un ruolo fondamentale, rendendo il lavoro pi\u00f9 confortevole e pratico. La HI TECH \u00e8 in grado di proporre varie soluzioni, dallo stoccaggio alla movimentazione del materiale, fino ai complementi d\u2019arredo, selezionando tra le migliori [&hellip;]<\/p>\n","protected":false},"author":1,"featured_media":0,"parent":10,"menu_order":0,"comment_status":"closed","ping_status":"closed","template":"page-templates\/template-home.php","meta":{"footnotes":""},"_links":{"self":[{"href":"https:\/\/hitech-srl.it\/index.php?rest_route=\/wp\/v2\/pages\/257"}],"collection":[{"href":"https:\/\/hitech-srl.it\/index.php?rest_route=\/wp\/v2\/pages"}],"about":[{"href":"https:\/\/hitech-srl.it\/index.php?rest_route=\/wp\/v2\/types\/page"}],"author":[{"embeddable":true,"href":"https:\/\/hitech-srl.it\/index.php?rest_route=\/wp\/v2\/users\/1"}],"replies":[{"embeddable":true,"href":"https:\/\/hitech-srl.it\/index.php?rest_route=%2Fwp%2Fv2%2Fcomments&post=257"}],"version-history":[{"count":7,"href":"https:\/\/hitech-srl.it\/index.php?rest_route=\/wp\/v2\/pages\/257\/revisions"}],"predecessor-version":[{"id":3500,"href":"https:\/\/hitech-srl.it\/index.php?rest_route=\/wp\/v2\/pages\/257\/revisions\/3500"}],"up":[{"embeddable":true,"href":"https:\/\/hitech-srl.it\/index.php?rest_route=\/wp\/v2\/pages\/10"}],"wp:attachment":[{"href":"https:\/\/hitech-srl.it\/index.php?rest_route=%2Fwp%2Fv2%2Fmedia&parent=257"}],"curies":[{"name":"wp","href":"https:\/\/api.w.org\/{rel}","templated":true}]}}